{"id":5408,"date":"2021-07-26T08:31:14","date_gmt":"2021-07-26T08:31:14","guid":{"rendered":"https:\/\/maaragency.com\/investieren-in-spaniens-immobilienmarkt\/"},"modified":"2021-07-26T08:31:15","modified_gmt":"2021-07-26T08:31:15","slug":"investieren-in-spaniens-immobilienmarkt","status":"publish","type":"page","link":"https:\/\/maaragency.com\/de\/investieren-in-spaniens-immobilienmarkt\/","title":{"rendered":"Investieren in Spaniens Immobilienmarkt"},"content":{"rendered":"\t\t<div data-elementor-type=\"wp-page\" data-elementor-id=\"5408\" class=\"elementor elementor-5408 elementor-276\">\n\t\t\t\t\t\t<section class=\"elementor-section elementor-top-section elementor-element elementor-element-37dd8603 elementor-section-content-middle elementor-section-boxed elementor-section-height-default elementor-section-height-default\" data-id=\"37dd8603\" data-element_type=\"section\" data-settings=\"{&quot;background_background&quot;:&quot;classic&quot;}\">\n\t\t\t\t\t\t<div class=\"elementor-container elementor-column-gap-default\">\n\t\t\t\t\t<div class=\"elementor-column elementor-col-100 elementor-top-column elementor-element elementor-element-16466793\" data-id=\"16466793\" data-element_type=\"column\" data-settings=\"{&quot;background_background&quot;:&quot;classic&quot;}\">\n\t\t\t<div class=\"elementor-widget-wrap elementor-element-populated\">\n\t\t\t\t\t\t<section class=\"elementor-section elementor-inner-section elementor-element elementor-element-5430d0c2 elementor-section-height-default elementor-section-content-middle elementor-section-boxed elementor-section-height-default\" data-id=\"5430d0c2\" data-element_type=\"section\" data-settings=\"{&quot;background_background&quot;:&quot;classic&quot;}\">\n\t\t\t\t\t\t\t<div class=\"elementor-background-overlay\"><\/div>\n\t\t\t\t\t\t\t<div class=\"elementor-container elementor-column-gap-default\">\n\t\t\t\t\t<div class=\"elementor-column elementor-col-100 elementor-inner-column elementor-element elementor-element-31cca283\" data-id=\"31cca283\" data-element_type=\"column\">\n\t\t\t<div class=\"elementor-widget-wrap elementor-element-populated\">\n\t\t\t\t\t\t<div class=\"elementor-element elementor-element-44639693 elementor-widget elementor-widget-heading\" data-id=\"44639693\" data-element_type=\"widget\" data-widget_type=\"heading.default\">\n\t\t\t\t<div class=\"elementor-widget-container\">\n\t\t\t\t\t<h3 class=\"elementor-heading-title elementor-size-large\">profitable immobilieninvestitionen in spanien<\/h3>\t\t\t\t<\/div>\n\t\t\t\t<\/div>\n\t\t\t\t<div class=\"elementor-element elementor-element-d12140e elementor-widget elementor-widget-heading\" data-id=\"d12140e\" data-element_type=\"widget\" data-widget_type=\"heading.default\">\n\t\t\t\t<div class=\"elementor-widget-container\">\n\t\t\t\t\t<h2 class=\"elementor-heading-title elementor-size-default\">rentable immobilieninvestitionen in spanien<\/h2>\t\t\t\t<\/div>\n\t\t\t\t<\/div>\n\t\t\t\t<div class=\"elementor-element elementor-element-5ccc428b elementor-widget elementor-widget-text-editor\" data-id=\"5ccc428b\" data-element_type=\"widget\" data-widget_type=\"text-editor.default\">\n\t\t\t\t<div class=\"elementor-widget-container\">\n\t\t\t\t\t\t\t\t\t<p>Immobilieninvestitionen sind eine der Hauptattraktionen, die die meisten ausl\u00e4ndischen Investitionen in Spanien anziehen.<\/p>\n<p>Die Hauptgr\u00fcnde f\u00fcr eine Investition in Immobilien in Spanien sind die allgemein guten Marktpreise, die nationale Rechtssicherheit, die geringere Steuerbelastung und zus\u00e4tzlich f\u00fcr diejenigen, die einen Zweitwohnsitz in unserem Land suchen, die Lebensqualit\u00e4t.<\/p>\n<p>Aus finanzieller Sicht ist es erw\u00e4hnenswert, dass Investitionen in den Wohnungsbau in den letzten 3 Jahren eine Rentabilit\u00e4t von \u00fcber 10% und Mieten von \u00fcber 4% erreicht haben. Hinzu kommt das reichhaltige Angebot des Bankensystems, das in der letzten Krise mehr als 700.000 Wohnungen nicht aufnehmen konnte. Tats\u00e4chlich machten im zweiten Quartal 2019 ausl\u00e4ndische K\u00e4ufe 18,7 % der Gesamtzahl der Transaktionen aus, die den Verkauf und Kauf von freien Wohnungen in Spanien betrafen.<\/p>\n<p>Dar\u00fcber hinaus sehen ausl\u00e4ndische Investoren das spanische Wohnsegment aufgrund des Lebensstils verbunden mit gutem Wetter, Gastronomie und einem unschlagbaren Freizeitangebot als sehr attraktiv an. Was den erstklassigen Wohnungsmarkt betrifft, so sind Gegenden wie Madrid oder die Costa del Sol ein echter Anziehungspunkt f\u00fcr gro\u00dfe lateinamerikanische Investoren, die vom Quadratmeterpreis und der Sicherheit angezogen werden.<\/p>\n<p>Im Jahr 2019 ist Madrid die viertgr\u00f6\u00dfte Stadt der Welt mit den h\u00f6chsten ausl\u00e4ndischen Investitionen im Immobiliensektor, hinter nur London, New York und Paris. Nach Madrid ist die n\u00e4chste Region Spaniens, die die meisten internationalen Investitionen erh\u00e4lt, die Mittelmeerk\u00fcste, die sich gr\u00f6\u00dftenteils auf die Costa del Sol konzentriert.<\/p>\n<p>Aus gesch\u00e4ftlicher Sicht ist Spanien der f\u00fchrende Empf\u00e4nger von Investitionen lateinamerikanischer Unternehmen au\u00dferhalb der Region, da es das Tor zum europ\u00e4ischen Markt ist.<\/p>\n\t\t\t\t\t\t\t\t<\/div>\n\t\t\t\t<\/div>\n\t\t\t\t\t<\/div>\n\t\t<\/div>\n\t\t\t\t\t<\/div>\n\t\t<\/section>\n\t\t\t\t\t<\/div>\n\t\t<\/div>\n\t\t\t\t\t<\/div>\n\t\t<\/section>\n\t\t\t\t<\/div>\n\t\t","protected":false},"excerpt":{"rendered":"<p>profitable immobilieninvestitionen in spanien rentable immobilieninvestitionen in spanien Immobilieninvestitionen sind eine der Hauptattraktionen, die die meisten ausl\u00e4ndischen Investitionen in Spanien anziehen. Die Hauptgr\u00fcnde f\u00fcr eine Investition in Immobilien in Spanien sind die allgemein guten Marktpreise, die nationale Rechtssicherheit, die geringere Steuerbelastung und zus\u00e4tzlich f\u00fcr diejenigen, die einen Zweitwohnsitz in unserem Land suchen, die Lebensqualit\u00e4t. Aus [&hellip;]<\/p>\n","protected":false},"author":1,"featured_media":0,"parent":0,"menu_order":0,"comment_status":"closed","ping_status":"closed","template":"","meta":{"footnotes":""},"class_list":["post-5408","page","type-page","status-publish","czr-hentry"],"yoast_head":"<!-- This site is optimized with the Yoast SEO plugin v26.8 - https:\/\/yoast.com\/product\/yoast-seo-wordpress\/ -->\n<title>Investieren in Spaniens Immobilienmarkt - MaaR - Asesor de Propiedades en Espa\u00f1a<\/title>\n<meta name=\"description\" content=\"profitable immobilieninvestitionen in spanien rentable immobilieninvestitionen in spanien Immobilieninvestitionen sind eine der Hauptattraktionen, die die\" \/>\n<meta name=\"robots\" content=\"index, follow, max-snippet:-1, max-image-preview:large, max-video-preview:-1\" \/>\n<link rel=\"canonical\" href=\"https:\/\/maaragency.com\/de\/investieren-in-spaniens-immobilienmarkt\/\" \/>\n<meta property=\"og:locale\" content=\"de_DE\" \/>\n<meta property=\"og:type\" content=\"article\" \/>\n<meta property=\"og:title\" content=\"Investieren in Spaniens Immobilienmarkt - MaaR - Asesor de Propiedades en Espa\u00f1a\" \/>\n<meta property=\"og:description\" content=\"profitable immobilieninvestitionen in spanien rentable immobilieninvestitionen in spanien Immobilieninvestitionen sind eine der Hauptattraktionen, die die\" \/>\n<meta property=\"og:url\" content=\"https:\/\/maaragency.com\/de\/investieren-in-spaniens-immobilienmarkt\/\" \/>\n<meta property=\"og:site_name\" content=\"MaaR - Asesor de Propiedades en Espa\u00f1a\" \/>\n<meta property=\"article:modified_time\" content=\"2021-07-26T08:31:15+00:00\" \/>\n<meta name=\"twitter:card\" content=\"summary_large_image\" \/>\n<meta name=\"twitter:label1\" content=\"Gesch\u00e4tzte Lesezeit\" \/>\n\t<meta name=\"twitter:data1\" content=\"1\u00a0Minute\" \/>\n<script type=\"application\/ld+json\" class=\"yoast-schema-graph\">{\"@context\":\"https:\/\/schema.org\",\"@graph\":[{\"@type\":\"WebPage\",\"@id\":\"https:\/\/maaragency.com\/de\/investieren-in-spaniens-immobilienmarkt\/\",\"url\":\"https:\/\/maaragency.com\/de\/investieren-in-spaniens-immobilienmarkt\/\",\"name\":\"Investieren in Spaniens Immobilienmarkt - MaaR - Asesor de Propiedades en Espa\u00f1a\",\"isPartOf\":{\"@id\":\"https:\/\/maaragency.com\/#website\"},\"datePublished\":\"2021-07-26T08:31:14+00:00\",\"dateModified\":\"2021-07-26T08:31:15+00:00\",\"description\":\"profitable immobilieninvestitionen in spanien rentable immobilieninvestitionen in spanien Immobilieninvestitionen sind eine der Hauptattraktionen, die die\",\"breadcrumb\":{\"@id\":\"https:\/\/maaragency.com\/de\/investieren-in-spaniens-immobilienmarkt\/#breadcrumb\"},\"inLanguage\":\"de\",\"potentialAction\":[{\"@type\":\"ReadAction\",\"target\":[\"https:\/\/maaragency.com\/de\/investieren-in-spaniens-immobilienmarkt\/\"]}]},{\"@type\":\"BreadcrumbList\",\"@id\":\"https:\/\/maaragency.com\/de\/investieren-in-spaniens-immobilienmarkt\/#breadcrumb\",\"itemListElement\":[{\"@type\":\"ListItem\",\"position\":1,\"name\":\"Portada\",\"item\":\"https:\/\/maaragency.com\/de\/\"},{\"@type\":\"ListItem\",\"position\":2,\"name\":\"Investieren in Spaniens Immobilienmarkt\"}]},{\"@type\":\"WebSite\",\"@id\":\"https:\/\/maaragency.com\/#website\",\"url\":\"https:\/\/maaragency.com\/\",\"name\":\"MaaR - Asesor de Propiedades en Espa\u00f1a\",\"description\":\"International Real Estate Advisor in Spain\",\"publisher\":{\"@id\":\"https:\/\/maaragency.com\/#organization\"},\"potentialAction\":[{\"@type\":\"SearchAction\",\"target\":{\"@type\":\"EntryPoint\",\"urlTemplate\":\"https:\/\/maaragency.com\/?s={search_term_string}\"},\"query-input\":{\"@type\":\"PropertyValueSpecification\",\"valueRequired\":true,\"valueName\":\"search_term_string\"}}],\"inLanguage\":\"de\"},{\"@type\":\"Organization\",\"@id\":\"https:\/\/maaragency.com\/#organization\",\"name\":\"APE- asesores Inmobiliarios en Espa\u00f1a\",\"url\":\"https:\/\/maaragency.com\/\",\"logo\":{\"@type\":\"ImageObject\",\"inLanguage\":\"de\",\"@id\":\"https:\/\/maaragency.com\/#\/schema\/logo\/image\/\",\"url\":\"https:\/\/maaragency.com\/wp-content\/uploads\/2020\/10\/ape-hor-tranp-2.png\",\"contentUrl\":\"https:\/\/maaragency.com\/wp-content\/uploads\/2020\/10\/ape-hor-tranp-2.png\",\"width\":439,\"height\":255,\"caption\":\"APE- asesores Inmobiliarios en Espa\u00f1a\"},\"image\":{\"@id\":\"https:\/\/maaragency.com\/#\/schema\/logo\/image\/\"}}]}<\/script>\n<!-- \/ Yoast SEO plugin. -->","yoast_head_json":{"title":"Investieren in Spaniens Immobilienmarkt - MaaR - Asesor de Propiedades en Espa\u00f1a","description":"profitable immobilieninvestitionen in spanien rentable immobilieninvestitionen in spanien Immobilieninvestitionen sind eine der Hauptattraktionen, die die","robots":{"index":"index","follow":"follow","max-snippet":"max-snippet:-1","max-image-preview":"max-image-preview:large","max-video-preview":"max-video-preview:-1"},"canonical":"https:\/\/maaragency.com\/de\/investieren-in-spaniens-immobilienmarkt\/","og_locale":"de_DE","og_type":"article","og_title":"Investieren in Spaniens Immobilienmarkt - MaaR - Asesor de Propiedades en Espa\u00f1a","og_description":"profitable immobilieninvestitionen in spanien rentable immobilieninvestitionen in spanien Immobilieninvestitionen sind eine der Hauptattraktionen, die die","og_url":"https:\/\/maaragency.com\/de\/investieren-in-spaniens-immobilienmarkt\/","og_site_name":"MaaR - Asesor de Propiedades en Espa\u00f1a","article_modified_time":"2021-07-26T08:31:15+00:00","twitter_card":"summary_large_image","twitter_misc":{"Gesch\u00e4tzte Lesezeit":"1\u00a0Minute"},"schema":{"@context":"https:\/\/schema.org","@graph":[{"@type":"WebPage","@id":"https:\/\/maaragency.com\/de\/investieren-in-spaniens-immobilienmarkt\/","url":"https:\/\/maaragency.com\/de\/investieren-in-spaniens-immobilienmarkt\/","name":"Investieren in Spaniens Immobilienmarkt - MaaR - Asesor de Propiedades en Espa\u00f1a","isPartOf":{"@id":"https:\/\/maaragency.com\/#website"},"datePublished":"2021-07-26T08:31:14+00:00","dateModified":"2021-07-26T08:31:15+00:00","description":"profitable immobilieninvestitionen in spanien rentable immobilieninvestitionen in spanien Immobilieninvestitionen sind eine der Hauptattraktionen, die die","breadcrumb":{"@id":"https:\/\/maaragency.com\/de\/investieren-in-spaniens-immobilienmarkt\/#breadcrumb"},"inLanguage":"de","potentialAction":[{"@type":"ReadAction","target":["https:\/\/maaragency.com\/de\/investieren-in-spaniens-immobilienmarkt\/"]}]},{"@type":"BreadcrumbList","@id":"https:\/\/maaragency.com\/de\/investieren-in-spaniens-immobilienmarkt\/#breadcrumb","itemListElement":[{"@type":"ListItem","position":1,"name":"Portada","item":"https:\/\/maaragency.com\/de\/"},{"@type":"ListItem","position":2,"name":"Investieren in Spaniens Immobilienmarkt"}]},{"@type":"WebSite","@id":"https:\/\/maaragency.com\/#website","url":"https:\/\/maaragency.com\/","name":"MaaR - Asesor de Propiedades en Espa\u00f1a","description":"International Real Estate Advisor in Spain","publisher":{"@id":"https:\/\/maaragency.com\/#organization"},"potentialAction":[{"@type":"SearchAction","target":{"@type":"EntryPoint","urlTemplate":"https:\/\/maaragency.com\/?s={search_term_string}"},"query-input":{"@type":"PropertyValueSpecification","valueRequired":true,"valueName":"search_term_string"}}],"inLanguage":"de"},{"@type":"Organization","@id":"https:\/\/maaragency.com\/#organization","name":"APE- asesores Inmobiliarios en Espa\u00f1a","url":"https:\/\/maaragency.com\/","logo":{"@type":"ImageObject","inLanguage":"de","@id":"https:\/\/maaragency.com\/#\/schema\/logo\/image\/","url":"https:\/\/maaragency.com\/wp-content\/uploads\/2020\/10\/ape-hor-tranp-2.png","contentUrl":"https:\/\/maaragency.com\/wp-content\/uploads\/2020\/10\/ape-hor-tranp-2.png","width":439,"height":255,"caption":"APE- asesores Inmobiliarios en Espa\u00f1a"},"image":{"@id":"https:\/\/maaragency.com\/#\/schema\/logo\/image\/"}}]}},"_links":{"self":[{"href":"https:\/\/maaragency.com\/de\/wp-json\/wp\/v2\/pages\/5408","targetHints":{"allow":["GET"]}}],"collection":[{"href":"https:\/\/maaragency.com\/de\/wp-json\/wp\/v2\/pages"}],"about":[{"href":"https:\/\/maaragency.com\/de\/wp-json\/wp\/v2\/types\/page"}],"author":[{"embeddable":true,"href":"https:\/\/maaragency.com\/de\/wp-json\/wp\/v2\/users\/1"}],"replies":[{"embeddable":true,"href":"https:\/\/maaragency.com\/de\/wp-json\/wp\/v2\/comments?post=5408"}],"version-history":[{"count":1,"href":"https:\/\/maaragency.com\/de\/wp-json\/wp\/v2\/pages\/5408\/revisions"}],"predecessor-version":[{"id":5409,"href":"https:\/\/maaragency.com\/de\/wp-json\/wp\/v2\/pages\/5408\/revisions\/5409"}],"wp:attachment":[{"href":"https:\/\/maaragency.com\/de\/wp-json\/wp\/v2\/media?parent=5408"}],"curies":[{"name":"wp","href":"https:\/\/api.w.org\/{rel}","templated":true}]}}